{"id":10,"date":"2022-02-22T14:23:00","date_gmt":"2022-02-22T14:23:00","guid":{"rendered":"http:\/\/www.egrando.pl\/blog\/?page_id=10"},"modified":"2022-02-23T15:31:19","modified_gmt":"2022-02-23T14:31:19","slug":"informacje","status":"publish","type":"page","link":"https:\/\/egrando.pl\/blog\/informacje","title":{"rendered":"Informacje"},"content":{"rendered":"\n<div class=\"wp-block-cover alignfull\" style=\"min-height:300px\"><span aria-hidden=\"true\" class=\"has-nv-site-bg-background-color has-background-dim-100 wp-block-cover__gradient-background has-background-dim\"><\/span><div class=\"wp-block-cover__inner-container is-layout-flow wp-block-cover-is-layout-flow\">\n<div class=\"wp-block-group is-layout-flow wp-block-group-is-layout-flow\"><div class=\"wp-block-group__inner-container\">\n<h1 class=\"has-text-align-left has-neve-text-color-color has-text-color wp-block-heading\" id=\"o-nas\">O nas<\/h1>\n<\/div><\/div>\n<\/div><\/div>\n\n\n\n<div class=\"wp-block-cover alignfull\" style=\"min-height:600px\"><span aria-hidden=\"true\" class=\"has-nv-light-bg-background-color has-background-dim-100 wp-block-cover__gradient-background has-background-dim\"><\/span><div class=\"wp-block-cover__inner-container is-layout-flow wp-block-cover-is-layout-flow\">\n<div class=\"wp-block-group is-layout-flow wp-block-group-is-layout-flow\"><div class=\"wp-block-group__inner-container\">\n<div style=\"height:80px\" aria-hidden=\"true\" class=\"wp-block-spacer\"><\/div>\n\n\n\n<div class=\"wp-block-columns are-vertically-aligned-center is-layout-flex wp-container-core-columns-layout-1 wp-block-columns-is-layout-flex\">\n<div class=\"wp-block-column is-vertically-aligned-center is-layout-flow wp-block-column-is-layout-flow\" style=\"flex-basis:50%\">\n<figure class=\"wp-block-image size-large\"><img decoding=\"async\" src=\"http:\/\/www.egrando.pl\/blog\/wp-content\/themes\/neve\/assets\/img\/starter-content\/card-06.jpg\" alt=\"\"\/><\/figure>\n<\/div>\n\n\n\n<div class=\"wp-block-column is-vertically-aligned-center is-layout-flow wp-block-column-is-layout-flow\" style=\"flex-basis:50%\">\n<h2 class=\"has-neve-text-color-color has-text-color wp-block-heading\" id=\"kim-jestesmy\">Kim jeste\u015bmy<\/h2>\n\n\n\n<p class=\"has-neve-text-color-color has-text-color\">Powstali\u015bmy jako ma\u0142a, rodzina firma jeszcze w latach &#8217;90. W\u00f3wczas dzia\u0142ali\u015bmy pod nazw\u0105 Olmix Plus. Dzi\u0119ki nieustannej nauce i wieloletniemu nabieraniu do\u015bwiadczenia dzisiaj pr\u0119\u017cnie dzia\u0142amy na rynku jako zaopatrzenia dzia\u0142\u00f3w utrzymania ruchu wielu firm w Polsce.<\/p>\n\n\n\n<p class=\"has-neve-text-color-color has-text-color\">Zawsze staramy si\u0119 rzetelnie zaj\u0105\u0107 ka\u017cdym problemem nawet je\u015bli rozwi\u0105zanie nie zawsze jest po my\u015bli Klienta. Dzi\u0119ki temu, \u017ce podpowiadamy jakie powinny by\u0107 dobrane oleje i smary to  uk\u0142ady w kt\u00f3rych pracuj\u0105 dzia\u0142aj\u0105 w taki spos\u00f3b, w jaki przewidzia\u0142 to producent urz\u0105dze\u0144. Od 2016 roku zacz\u0119li\u015bmy prezentowa\u0107 ofert\u0119 w Internecie i powo\u0142ali\u015bmy firm\u0119 Egrando.pl.<\/p>\n\n\n\n<p class=\"has-neve-link-color-color has-text-color\">Dzisiaj posiadamy ogromne do\u015bwiadczenie oraz kadr\u0119 specjalist\u00f3w i handlowc\u00f3w dzi\u0119ki czemu potrafimy bardzo szybko i sprawnie pom\u00f3c w doborze oleju, smaru lub ch\u0142odziwa, zaoferowa\u0107 korzystny cenowo lub wydajno\u015bciowo produkt oraz zorganizowa\u0107 ca\u0142y proces dostawy. Dzia\u0142amy ju\u017c jako Grupa Olmix-Egrando.<\/p>\n<\/div>\n<\/div>\n\n\n\n<div style=\"height:40px\" aria-hidden=\"true\" class=\"wp-block-spacer\"><\/div>\n<\/div><\/div>\n<\/div><\/div>\n\n\n\n<div class=\"wp-block-cover alignfull\" style=\"min-height:600px\"><span aria-hidden=\"true\" class=\"has-nv-dark-bg-background-color has-background-dim-100 wp-block-cover__gradient-background has-background-dim\"><\/span><div class=\"wp-block-cover__inner-container is-layout-flow wp-block-cover-is-layout-flow\">\n<div class=\"wp-block-group is-layout-flow wp-block-group-is-layout-flow\"><div class=\"wp-block-group__inner-container\">\n<div style=\"height:80px\" aria-hidden=\"true\" class=\"wp-block-spacer\"><\/div>\n\n\n\n<div class=\"wp-block-columns are-vertically-aligned-center is-layout-flex wp-container-core-columns-layout-2 wp-block-columns-is-layout-flex\">\n<div class=\"wp-block-column is-vertically-aligned-center is-layout-flow wp-block-column-is-layout-flow\" style=\"flex-basis:50%\">\n<h2 class=\"has-nv-text-dark-bg-color has-text-color wp-block-heading\" id=\"co-jeszcze-robimy\">Co jeszcze robimy<\/h2>\n\n\n\n<p class=\"has-nv-text-dark-bg-color has-text-color\">Nie tylko oleje i smary, ale tak\u017ce p\u0142yny eksploatacyjne.<\/p>\n\n\n\n<p>W ofercie mamy tak\u017ce du\u017co wi\u0119cej produkt\u00f3w tak potrzebnych nie tylko na linii produkcyjnej, ale w ca\u0142ym ci\u0105gu przemys\u0142owym:<\/p>\n\n\n\n<ul><li>aceton<\/li><li>denaturat i alkohol etylowy<\/li><li>nafta w r\u00f3\u017cnych frakcjach<\/li><li>rozpuszczalniki i rozcie\u0144czalniki<\/li><li>benzyna ekstrakcyjna<\/li><li>zmywacze uniwersalne<\/li><li>toluen<\/li><li>glikol monoetylenowy i monopropylenowy<\/li><li>du\u017co, du\u017co wi\u0119cej<\/li><\/ul>\n\n\n\n<div style=\"height:20px\" aria-hidden=\"true\" class=\"wp-block-spacer\"><\/div>\n\n\n\n<div class=\"wp-block-buttons is-layout-flex wp-block-buttons-is-layout-flex\">\n<div class=\"wp-block-button is-style-primary\"><a class=\"wp-block-button__link\" href=\"https:\/\/egrando.pl\/kontakt\">NAPISZ DO NAS<\/a><\/div>\n<\/div>\n\n\n\n<div style=\"height:20px\" aria-hidden=\"true\" class=\"wp-block-spacer\"><\/div>\n<\/div>\n\n\n\n<div class=\"wp-block-column is-vertically-aligned-center is-layout-flow wp-block-column-is-layout-flow\" style=\"flex-basis:50%\">\n<figure class=\"wp-block-image\"><img decoding=\"async\" src=\"http:\/\/www.egrando.pl\/blog\/wp-content\/themes\/neve\/assets\/img\/starter-content\/card-02.jpg\" alt=\"\"\/><\/figure>\n<\/div>\n<\/div>\n\n\n\n<div style=\"height:40px\" aria-hidden=\"true\" class=\"wp-block-spacer\"><\/div>\n<\/div><\/div>\n<\/div><\/div>\n\n\n\n<div class=\"wp-block-cover alignfull\" style=\"min-height:420px\"><span aria-hidden=\"true\" class=\"has-nv-site-bg-background-color has-background-dim-100 wp-block-cover__gradient-background has-background-dim\"><\/span><div class=\"wp-block-cover__inner-container is-layout-flow wp-block-cover-is-layout-flow\">\n<div style=\"height:80px\" aria-hidden=\"true\" class=\"wp-block-spacer\"><\/div>\n\n\n\n<div class=\"wp-block-columns is-layout-flex wp-container-core-columns-layout-3 wp-block-columns-is-layout-flex\">\n<div class=\"wp-block-column ticss-4ce656f1 is-layout-flow wp-block-column-is-layout-flow\">\n<figure class=\"wp-block-image is-resized icon-style is-style-rounded\"><img loading=\"lazy\" decoding=\"async\" src=\"http:\/\/www.egrando.pl\/blog\/wp-content\/themes\/neve\/assets\/img\/starter-content\/icon-03.svg\" alt=\"\" width=\"48\" height=\"48\"\/><\/figure>\n\n\n\n<h3 class=\"has-text-align-left has-text-align-center has-neve-text-color-color has-text-color wp-block-heading\" id=\"terminowosc\">Terminowo\u015b\u0107<\/h3>\n\n\n\n<p class=\"has-text-align-left has-neve-text-color-color has-text-color\">Staramy si\u0119 zawsze precyzyjnie oszacowa\u0107 terminy realizacji zam\u00f3wie\u0144 nawet, je\u015bli s\u0105 one wielowariantowe.<\/p>\n\n\n\n<div style=\"height:20px\" aria-hidden=\"true\" class=\"wp-block-spacer\"><\/div>\n<\/div>\n\n\n\n<div class=\"wp-block-column ticss-f6fc7494 is-layout-flow wp-block-column-is-layout-flow\">\n<figure class=\"wp-block-image is-resized icon-style is-style-rounded\"><img loading=\"lazy\" decoding=\"async\" src=\"http:\/\/www.egrando.pl\/blog\/wp-content\/themes\/neve\/assets\/img\/starter-content\/icon-03.svg\" alt=\"\" width=\"48\" height=\"48\"\/><\/figure>\n\n\n\n<h3 class=\"has-text-align-left has-text-align-center has-neve-text-color-color has-text-color wp-block-heading\" id=\"doswiadczenie\">Do\u015bwiadczenie<\/h3>\n\n\n\n<p class=\"has-text-align-left has-neve-text-color-color has-text-color\">Wiele lat na rynku i wsp\u00f3\u0142praca z wieloma producentami i dystrybutorami.<\/p>\n\n\n\n<div style=\"height:20px\" aria-hidden=\"true\" class=\"wp-block-spacer\"><\/div>\n<\/div>\n\n\n\n<div class=\"wp-block-column ticss-a5b4df29 is-layout-flow wp-block-column-is-layout-flow\">\n<figure class=\"wp-block-image is-resized icon-style is-style-rounded\"><img loading=\"lazy\" decoding=\"async\" src=\"http:\/\/www.egrando.pl\/blog\/wp-content\/themes\/neve\/assets\/img\/starter-content\/icon-03.svg\" alt=\"\" width=\"48\" height=\"48\"\/><\/figure>\n\n\n\n<h3 class=\"has-text-align-left has-text-align-center has-neve-text-color-color has-text-color wp-block-heading\" id=\"bezpieczenstwo\">Bezpiecze\u0144stwo<\/h3>\n\n\n\n<p class=\"has-text-align-left has-neve-text-color-color has-text-color\">Jeste\u015bmy firm\u0105 z tradycjami. Wsp\u00f3\u0142pracuj\u0105c z nami masz pewno\u015b\u0107, \u017ce to wsp\u00f3\u0142praca na lata.<\/p>\n\n\n\n<div style=\"height:20px\" aria-hidden=\"true\" class=\"wp-block-spacer\"><\/div>\n<\/div>\n<\/div>\n\n\n\n<div style=\"height:30px\" aria-hidden=\"true\" class=\"wp-block-spacer\"><\/div>\n<\/div><\/div>\n\n\n\n<div class=\"wp-block-cover alignfull\" style=\"min-height:600px\"><span aria-hidden=\"true\" class=\"has-nv-light-bg-background-color has-background-dim-100 wp-block-cover__gradient-background has-background-dim\"><\/span><div class=\"wp-block-cover__inner-container is-layout-flow wp-block-cover-is-layout-flow\">\n<div class=\"wp-block-group is-layout-flow wp-block-group-is-layout-flow\"><div class=\"wp-block-group__inner-container\">\n<div style=\"height:80px\" aria-hidden=\"true\" class=\"wp-block-spacer\"><\/div>\n\n\n\n<div class=\"wp-block-columns is-layout-flex wp-container-core-columns-layout-4 wp-block-columns-is-layout-flex\"><\/div>\n\n\n\n<div style=\"height:40px\" aria-hidden=\"true\" class=\"wp-block-spacer\"><\/div>\n<\/div><\/div>\n<\/div><\/div>\n","protected":false},"excerpt":{"rendered":"","protected":false},"author":1,"featured_media":0,"parent":0,"menu_order":0,"comment_status":"closed","ping_status":"closed","template":"","meta":{"neve_meta_sidebar":"","neve_meta_container":"","neve_meta_enable_content_width":"on","neve_meta_content_width":100,"neve_meta_title_alignment":"","neve_meta_author_avatar":"","neve_post_elements_order":"","neve_meta_disable_header":"","neve_meta_disable_footer":"","neve_meta_disable_title":"on","footnotes":""},"_links":{"self":[{"href":"https:\/\/egrando.pl\/blog\/wp-json\/wp\/v2\/pages\/10"}],"collection":[{"href":"https:\/\/egrando.pl\/blog\/wp-json\/wp\/v2\/pages"}],"about":[{"href":"https:\/\/egrando.pl\/blog\/wp-json\/wp\/v2\/types\/page"}],"author":[{"embeddable":true,"href":"https:\/\/egrando.pl\/blog\/wp-json\/wp\/v2\/users\/1"}],"replies":[{"embeddable":true,"href":"https:\/\/egrando.pl\/blog\/wp-json\/wp\/v2\/comments?post=10"}],"version-history":[{"count":6,"href":"https:\/\/egrando.pl\/blog\/wp-json\/wp\/v2\/pages\/10\/revisions"}],"predecessor-version":[{"id":127,"href":"https:\/\/egrando.pl\/blog\/wp-json\/wp\/v2\/pages\/10\/revisions\/127"}],"wp:attachment":[{"href":"https:\/\/egrando.pl\/blog\/wp-json\/wp\/v2\/media?parent=10"}],"curies":[{"name":"wp","href":"https:\/\/api.w.org\/{rel}","templated":true}]}}