{"id":9,"date":"2022-02-22T14:23:00","date_gmt":"2022-02-22T14:23:00","guid":{"rendered":"http:\/\/www.egrando.pl\/blog\/?page_id=9"},"modified":"2022-02-23T15:30:16","modified_gmt":"2022-02-23T14:30:16","slug":"strona-glowna","status":"publish","type":"page","link":"https:\/\/egrando.pl\/blog\/","title":{"rendered":"Strona g\u0142\u00f3wna"},"content":{"rendered":"\n<div class=\"wp-block-cover alignfull\" style=\"min-height:700px\"><span aria-hidden=\"true\" class=\"has-background-dim-0 wp-block-cover__gradient-background has-background-dim\"><\/span><img loading=\"lazy\" decoding=\"async\" width=\"2000\" height=\"1334\" class=\"wp-block-cover__image-background wp-image-58\" alt=\"\" src=\"http:\/\/www.egrando.pl\/blog\/wp-content\/uploads\/2022\/02\/Refinery.jpg\" style=\"object-position:51% 64%\" data-object-fit=\"cover\" data-object-position=\"51% 64%\" srcset=\"https:\/\/egrando.pl\/blog\/wp-content\/uploads\/2022\/02\/Refinery.jpg 2000w, https:\/\/egrando.pl\/blog\/wp-content\/uploads\/2022\/02\/Refinery-300x200.jpg 300w, https:\/\/egrando.pl\/blog\/wp-content\/uploads\/2022\/02\/Refinery-1024x683.jpg 1024w, https:\/\/egrando.pl\/blog\/wp-content\/uploads\/2022\/02\/Refinery-768x512.jpg 768w, https:\/\/egrando.pl\/blog\/wp-content\/uploads\/2022\/02\/Refinery-1536x1025.jpg 1536w, https:\/\/egrando.pl\/blog\/wp-content\/uploads\/2022\/02\/Refinery-930x620.jpg 930w\" sizes=\"(max-width: 2000px) 100vw, 2000px\" \/><div class=\"wp-block-cover__inner-container is-layout-flow wp-block-cover-is-layout-flow\">\n<div style=\"height:80px\" aria-hidden=\"true\" class=\"wp-block-spacer\"><\/div>\n\n\n\n<h1 class=\"has-text-align-center has-nv-text-dark-bg-color has-text-color wp-block-heading\" id=\"oleje-smary-i-chemia-dla-przemyslu-i-produkcji\">Oleje, smary i chemia dla przemys\u0142u i produkcji<\/h1>\n\n\n\n<p class=\"has-text-align-center has-nv-text-dark-bg-background-color has-text-color has-background\" style=\"color:#121212\">Dbamy o utrzymanie ruchu w Twojej firmie. Zadbamy o dob\u00f3r oleju i jego zaopatrzenie a nasi wykwalifikowani konsultanci wespr\u0105 Ci\u0119 w dbaniu o film olejowy i wiedz\u0119 w doborze st\u0119\u017ce\u0144 ch\u0142odziw.<\/p>\n\n\n\n<div class=\"wp-block-buttons is-content-justification-center is-layout-flex wp-container-core-buttons-layout-1 wp-block-buttons-is-layout-flex\">\n<div class=\"wp-block-button is-style-primary\"><a class=\"wp-block-button__link\" href=\"https:\/\/egrando.pl\">SKLEP ONLINE<\/a><\/div>\n\n\n\n<div class=\"wp-block-button is-style-secondary\"><a class=\"wp-block-button__link\" href=\"https:\/\/www.egrando.pl\/blog\/blog\/\">PORADNIKI<\/a><\/div>\n<\/div>\n\n\n\n<div style=\"height:80px\" aria-hidden=\"true\" class=\"wp-block-spacer\"><\/div>\n\n\n\n<div style=\"height:80px\" aria-hidden=\"true\" class=\"wp-block-spacer\"><\/div>\n<\/div><\/div>\n\n\n\n<div style=\"height:80px\" aria-hidden=\"true\" class=\"wp-block-spacer\"><\/div>\n\n\n\n<div class=\"wp-block-columns is-layout-flex wp-container-core-columns-layout-1 wp-block-columns-is-layout-flex\">\n<div class=\"wp-block-column is-layout-flow wp-block-column-is-layout-flow\">\n<div class=\"wp-block-image icon-style is-style-default\"><figure class=\"aligncenter is-resized\"><img loading=\"lazy\" decoding=\"async\" src=\"http:\/\/www.egrando.pl\/blog\/wp-content\/themes\/neve\/assets\/img\/starter-content\/icon-03.svg\" alt=\"\" width=\"48\" height=\"48\"\/><\/figure><\/div>\n\n\n\n<h3 class=\"has-text-align-center has-neve-text-color-color has-text-color wp-block-heading\" id=\"bogata-oferta\">Bogata oferta<\/h3>\n\n\n\n<p class=\"has-text-align-center\">Dbamy o to, by w naszej hurtowni zawsze posiada\u0107 jak najwi\u0119kszy asortyment po to, aby\u015b nie musia\u0142 szuka\u0107 r\u00f3\u017cnych cz\u0119\u015bci w r\u00f3\u017cnych miejscach.<\/p>\n\n\n\n<div style=\"height:20px\" aria-hidden=\"true\" class=\"wp-block-spacer\"><\/div>\n<\/div>\n\n\n\n<div class=\"wp-block-column is-layout-flow wp-block-column-is-layout-flow\">\n<div class=\"wp-block-image icon-style is-style-default\"><figure class=\"aligncenter is-resized\"><img loading=\"lazy\" decoding=\"async\" src=\"http:\/\/www.egrando.pl\/blog\/wp-content\/themes\/neve\/assets\/img\/starter-content\/icon-02.svg\" alt=\"\" width=\"48\" height=\"48\"\/><\/figure><\/div>\n\n\n\n<h3 class=\"has-text-align-center has-neve-text-color-color has-text-color wp-block-heading\" id=\"sprawdzona-jakosc\">Sprawdzona jako\u015b\u0107<\/h3>\n\n\n\n<p class=\"has-text-align-center\">Pracujemy tylko z olejami sprawdzonych producent\u00f3w. Zawsze mamy certyfikat jako\u015bci dla dostarczanego oleju.<\/p>\n\n\n\n<div style=\"height:20px\" aria-hidden=\"true\" class=\"wp-block-spacer\"><\/div>\n<\/div>\n\n\n\n<div class=\"wp-block-column is-layout-flow wp-block-column-is-layout-flow\">\n<div class=\"wp-block-image icon-style is-style-rounded\"><figure class=\"aligncenter is-resized\"><img loading=\"lazy\" decoding=\"async\" src=\"http:\/\/www.egrando.pl\/blog\/wp-content\/themes\/neve\/assets\/img\/starter-content\/icon-01.svg\" alt=\"\" width=\"48\" height=\"48\"\/><\/figure><\/div>\n\n\n\n<h3 class=\"has-text-align-center has-neve-text-color-color has-text-color wp-block-heading\" id=\"szybkie-zaopatrzenie\">Szybkie zaopatrzenie<\/h3>\n\n\n\n<p class=\"has-text-align-center\">Staramy si\u0119 trzyma\u0107 wi\u0119kszo\u015b\u0107 produkt\u00f3w we w\u0142asnym magazynie. W przypadku problem\u00f3w z dost\u0119pno\u015bci\u0105 za\u0142atwiamy dostaw\u0119 prosto z rafinerii. <\/p>\n\n\n\n<div style=\"height:20px\" aria-hidden=\"true\" class=\"wp-block-spacer\"><\/div>\n<\/div>\n<\/div>\n\n\n\n<div style=\"height:80px\" aria-hidden=\"true\" class=\"wp-block-spacer\"><\/div>\n\n\n\n<div class=\"wp-block-cover alignfull\" style=\"min-height:600px\"><span aria-hidden=\"true\" class=\"has-nv-light-bg-background-color has-background-dim-100 wp-block-cover__gradient-background has-background-dim\"><\/span><div class=\"wp-block-cover__inner-container is-layout-flow wp-block-cover-is-layout-flow\">\n<div class=\"wp-block-group is-layout-flow wp-block-group-is-layout-flow\"><div class=\"wp-block-group__inner-container\">\n<div style=\"height:80px\" aria-hidden=\"true\" class=\"wp-block-spacer\"><\/div>\n\n\n\n<div class=\"wp-block-columns are-vertically-aligned-center is-layout-flex wp-container-core-columns-layout-2 wp-block-columns-is-layout-flex\">\n<div class=\"wp-block-column is-vertically-aligned-center is-layout-flow wp-block-column-is-layout-flow\" style=\"flex-basis:50%\">\n<figure class=\"wp-block-image\"><img decoding=\"async\" src=\"http:\/\/www.egrando.pl\/blog\/wp-content\/themes\/neve\/assets\/img\/starter-content\/card-05.jpg\" alt=\"\"\/><\/figure>\n<\/div>\n\n\n\n<div class=\"wp-block-column is-vertically-aligned-center is-layout-flow wp-block-column-is-layout-flow\" style=\"flex-basis:50%\">\n<div style=\"height:20px\" aria-hidden=\"true\" class=\"wp-block-spacer\"><\/div>\n\n\n\n<h2 class=\"has-text-align-left has-neve-text-color-color has-text-color wp-block-heading\" id=\"sklep-online\">Sklep online<\/h2>\n\n\n\n<p class=\"has-text-align-left has-neve-text-color-color has-text-color\">Najszybsza forma zapoznania si\u0119 z nasz\u0105 ofert\u0105. Je\u015bli czego\u015b nie znajdziesz w naszym sklepie &#8211; pisz! Prawdopodobnie jeste\u015bmy w stanie Ci pom\u00f3c w imporcie odpowiedniego oleju.<\/p>\n\n\n\n<div class=\"wp-block-buttons is-content-justification-left is-layout-flex wp-container-core-buttons-layout-2 wp-block-buttons-is-layout-flex\">\n<div class=\"wp-block-button is-style-primary\"><a class=\"wp-block-button__link\" href=\"https:\/\/egrando.pl\">SKLEP ON-LINE<\/a><\/div>\n<\/div>\n<\/div>\n<\/div>\n\n\n\n<div style=\"height:40px\" aria-hidden=\"true\" class=\"wp-block-spacer\"><\/div>\n<\/div><\/div>\n<\/div><\/div>\n\n\n\n<div class=\"wp-block-cover alignfull\" style=\"min-height:600px\"><span aria-hidden=\"true\" class=\"has-nv-site-bg-background-color has-background-dim-100 wp-block-cover__gradient-background has-background-dim\"><\/span><div class=\"wp-block-cover__inner-container is-layout-flow wp-block-cover-is-layout-flow\">\n<div class=\"wp-block-group is-layout-flow wp-block-group-is-layout-flow\"><div class=\"wp-block-group__inner-container\">\n<div style=\"height:80px\" aria-hidden=\"true\" class=\"wp-block-spacer\"><\/div>\n\n\n\n<div class=\"wp-block-columns are-vertically-aligned-center is-layout-flex wp-container-core-columns-layout-3 wp-block-columns-is-layout-flex\">\n<div class=\"wp-block-column is-vertically-aligned-center is-layout-flow wp-block-column-is-layout-flow\" style=\"flex-basis:50%\">\n<h2 class=\"has-text-align-left has-neve-text-color-color has-text-color wp-block-heading\" id=\"szybki-kontakt\">Szybki kontakt<\/h2>\n\n\n\n<p class=\"has-text-align-left has-neve-text-color-color has-text-color\">Je\u015bli masz dylemat jaki olej lub jakie ch\u0142odziwo zastosowa\u0107 &#8211; skontaktuj si\u0119 z nami a na pewno dobierzemy najlepszy produkt. Znajdziesz nas te\u017c w mediach spo\u0142eczno\u015bciowych!<\/p>\n\n\n\n<ul class=\"wp-block-social-links alignleft is-style-pill-shape is-layout-flex wp-block-social-links-is-layout-flex\"><li class=\"wp-social-link wp-social-link-mail  wp-block-social-link\"><a rel=\" noopener nofollow\" target=\"_blank\" href=\"mailto:olmix@egrando.pl\" class=\"wp-block-social-link-anchor\"><svg width=\"24\" height=\"24\" viewBox=\"0 0 24 24\" version=\"1.1\" xmlns=\"http:\/\/www.w3.org\/2000\/svg\" aria-hidden=\"true\" focusable=\"false\"><path d=\"M19,5H5c-1.1,0-2,.9-2,2v10c0,1.1.9,2,2,2h14c1.1,0,2-.9,2-2V7c0-1.1-.9-2-2-2zm.5,12c0,.3-.2.5-.5.5H5c-.3,0-.5-.2-.5-.5V9.8l7.5,5.6,7.5-5.6V17zm0-9.1L12,13.6,4.5,7.9V7c0-.3.2-.5.5-.5h14c.3,0,.5.2.5.5v.9z\"><\/path><\/svg><span class=\"wp-block-social-link-label screen-reader-text\">Mail<\/span><\/a><\/li>\n\n<li class=\"wp-social-link wp-social-link-facebook  wp-block-social-link\"><a rel=\" noopener nofollow\" target=\"_blank\" href=\"https:\/\/www.facebook.com\/sklepegrando\" class=\"wp-block-social-link-anchor\"><svg width=\"24\" height=\"24\" viewBox=\"0 0 24 24\" version=\"1.1\" xmlns=\"http:\/\/www.w3.org\/2000\/svg\" aria-hidden=\"true\" focusable=\"false\"><path d=\"M12 2C6.5 2 2 6.5 2 12c0 5 3.7 9.1 8.4 9.9v-7H7.9V12h2.5V9.8c0-2.5 1.5-3.9 3.8-3.9 1.1 0 2.2.2 2.2.2v2.5h-1.3c-1.2 0-1.6.8-1.6 1.6V12h2.8l-.4 2.9h-2.3v7C18.3 21.1 22 17 22 12c0-5.5-4.5-10-10-10z\"><\/path><\/svg><span class=\"wp-block-social-link-label screen-reader-text\">Facebook<\/span><\/a><\/li>\n\n<li class=\"wp-social-link wp-social-link-youtube  wp-block-social-link\"><a rel=\" noopener nofollow\" target=\"_blank\" href=\"https:\/\/www.youtube.com\/channel\/UClHVw12tCZ64sS5FGjoJk6A\" class=\"wp-block-social-link-anchor\"><svg width=\"24\" height=\"24\" viewBox=\"0 0 24 24\" version=\"1.1\" xmlns=\"http:\/\/www.w3.org\/2000\/svg\" aria-hidden=\"true\" focusable=\"false\"><path d=\"M21.8,8.001c0,0-0.195-1.378-0.795-1.985c-0.76-0.797-1.613-0.801-2.004-0.847c-2.799-0.202-6.997-0.202-6.997-0.202 h-0.009c0,0-4.198,0-6.997,0.202C4.608,5.216,3.756,5.22,2.995,6.016C2.395,6.623,2.2,8.001,2.2,8.001S2,9.62,2,11.238v1.517 c0,1.618,0.2,3.237,0.2,3.237s0.195,1.378,0.795,1.985c0.761,0.797,1.76,0.771,2.205,0.855c1.6,0.153,6.8,0.201,6.8,0.201 s4.203-0.006,7.001-0.209c0.391-0.047,1.243-0.051,2.004-0.847c0.6-0.607,0.795-1.985,0.795-1.985s0.2-1.618,0.2-3.237v-1.517 C22,9.62,21.8,8.001,21.8,8.001z M9.935,14.594l-0.001-5.62l5.404,2.82L9.935,14.594z\"><\/path><\/svg><span class=\"wp-block-social-link-label screen-reader-text\">YouTube<\/span><\/a><\/li><\/ul>\n\n\n\n<div class=\"wp-block-buttons is-content-justification-left is-layout-flex wp-container-core-buttons-layout-3 wp-block-buttons-is-layout-flex\"><\/div>\n\n\n\n<div style=\"height:40px\" aria-hidden=\"true\" class=\"wp-block-spacer\"><\/div>\n<\/div>\n\n\n\n<div class=\"wp-block-column is-vertically-aligned-center is-layout-flow wp-block-column-is-layout-flow\" style=\"flex-basis:50%\">\n<figure class=\"wp-block-image\"><img decoding=\"async\" src=\"http:\/\/www.egrando.pl\/blog\/wp-content\/themes\/neve\/assets\/img\/starter-content\/card-04.jpg\" alt=\"\"\/><\/figure>\n<\/div>\n<\/div>\n\n\n\n<div style=\"height:40px\" aria-hidden=\"true\" class=\"wp-block-spacer\"><\/div>\n<\/div><\/div>\n<\/div><\/div>\n\n\n\n<div class=\"wp-block-cover alignfull\" style=\"min-height:600px\"><span aria-hidden=\"true\" class=\"has-nv-dark-bg-background-color has-background-dim-100 wp-block-cover__gradient-background has-background-dim\"><\/span><div class=\"wp-block-cover__inner-container is-layout-flow wp-block-cover-is-layout-flow\">\n<div class=\"wp-block-group is-layout-flow wp-block-group-is-layout-flow\"><div class=\"wp-block-group__inner-container\">\n<div style=\"height:80px\" aria-hidden=\"true\" class=\"wp-block-spacer\"><\/div>\n\n\n\n<div class=\"wp-block-columns are-vertically-aligned-center is-layout-flex wp-container-core-columns-layout-4 wp-block-columns-is-layout-flex\">\n<div class=\"wp-block-column is-vertically-aligned-center is-layout-flow wp-block-column-is-layout-flow\" style=\"flex-basis:50%\">\n<figure class=\"wp-block-image\"><img decoding=\"async\" src=\"http:\/\/www.egrando.pl\/blog\/wp-content\/themes\/neve\/assets\/img\/starter-content\/card-03.jpg\" alt=\"\"\/><\/figure>\n<\/div>\n\n\n\n<div class=\"wp-block-column is-vertically-aligned-center is-layout-flow wp-block-column-is-layout-flow\" style=\"flex-basis:50%\">\n<div style=\"height:40px\" aria-hidden=\"true\" class=\"wp-block-spacer\"><\/div>\n\n\n\n<h2 class=\"has-text-align-left has-nv-text-dark-bg-color has-text-color wp-block-heading\" id=\"jestesmy-online\">Jeste\u015bmy online<\/h2>\n\n\n\n<p class=\"has-text-align-left has-nv-text-dark-bg-color has-text-color\">Pracujemy w dni robocze w godzinach 8:00 &#8211; 15:00.<br>Jeste\u015bmy te\u017c dost\u0119pni poza tymi godzinami pod mailem. Wy\u015blij do nas wiadomo\u015b\u0107!<\/p>\n\n\n\n<div class=\"wp-block-buttons is-content-justification-left is-layout-flex wp-container-core-buttons-layout-4 wp-block-buttons-is-layout-flex\">\n<div class=\"wp-block-button is-style-primary\"><a class=\"wp-block-button__link has-nv-site-bg-color has-text-color\" href=\"https:\/\/egrando.pl\/kontakt\">KONTAKT<\/a><\/div>\n<\/div>\n<\/div>\n<\/div>\n\n\n\n<div style=\"height:40px\" aria-hidden=\"true\" class=\"wp-block-spacer\"><\/div>\n<\/div><\/div>\n<\/div><\/div>\n\n\n\n<div style=\"height:40px\" aria-hidden=\"true\" class=\"wp-block-spacer\"><\/div>\n\n\n\n<div class=\"wp-block-cover alignfull\" style=\"min-height:600px\"><span aria-hidden=\"true\" class=\"has-nv-text-dark-bg-background-color has-background-dim-100 wp-block-cover__gradient-background has-background-dim\"><\/span><div class=\"wp-block-cover__inner-container is-layout-flow wp-block-cover-is-layout-flow\">\n<div class=\"wp-block-group is-layout-flow wp-block-group-is-layout-flow\"><div class=\"wp-block-group__inner-container\">\n<div style=\"height:80px\" aria-hidden=\"true\" class=\"wp-block-spacer\"><\/div>\n\n\n\n<h2 class=\"has-nv-site-bg-color has-nv-dark-bg-background-color has-text-color has-background wp-block-heading\" id=\"dostarczamy-zamowienia-pod-drzwi\">Dostarczamy zam\u00f3wienia pod drzwi<\/h2>\n\n\n\n<p class=\"has-neve-link-color-color has-text-color\"><strong>Nie musisz martwi\u0107 si\u0119 transportem, zorganizujemy go za Ciebie. Posiadamy w\u0142asne auta dostawcze a przy wi\u0119kszych odleg\u0142o\u015bciach wsp\u00f3\u0142pracujemy z firmami spedycyjnymi &#8211; paleta zawsze dotrze na czas!<\/strong><\/p>\n\n\n\n<p class=\"has-neve-link-color-color has-text-color\"><strong>Transport mo\u017cliwy na terenie ca\u0142ego kraju. Pracujemy tak\u017ce nad rozwojem i wkr\u00f3tce rozpoczynamy eksport do kraj\u00f3w UE.<\/strong><\/p>\n\n\n\n<div style=\"height:20px\" aria-hidden=\"true\" class=\"wp-block-spacer\"><\/div>\n\n\n\n<div class=\"wp-block-image\"><figure class=\"alignleft\"><img loading=\"lazy\" decoding=\"async\" width=\"135\" height=\"35\" src=\"http:\/\/www.egrando.pl\/blog\/wp-content\/uploads\/2022\/02\/manufacturer_mini_71_1.jpg\" alt=\"\" class=\"wp-image-70\"\/><\/figure><\/div>\n\n\n\n<div class=\"wp-block-image\"><figure class=\"alignleft\"><img loading=\"lazy\" decoding=\"async\" width=\"135\" height=\"35\" src=\"http:\/\/www.egrando.pl\/blog\/wp-content\/uploads\/2022\/02\/manufacturer_mini_76_1.jpg\" alt=\"\" class=\"wp-image-71\"\/><\/figure><\/div>\n\n\n\n<div class=\"wp-block-image\"><figure class=\"alignleft\"><img loading=\"lazy\" decoding=\"async\" width=\"135\" height=\"35\" src=\"http:\/\/www.egrando.pl\/blog\/wp-content\/uploads\/2022\/02\/manufacturer_mini_77_1.jpg\" alt=\"\" class=\"wp-image-73\"\/><\/figure><\/div>\n\n\n\n<div class=\"wp-block-image\"><figure class=\"alignleft\"><img loading=\"lazy\" decoding=\"async\" width=\"135\" height=\"35\" src=\"http:\/\/www.egrando.pl\/blog\/wp-content\/uploads\/2022\/02\/manufacturer_mini_78_1.jpg\" alt=\"\" class=\"wp-image-74\"\/><\/figure><\/div>\n\n\n\n<div class=\"wp-block-image\"><figure class=\"alignleft\"><img loading=\"lazy\" decoding=\"async\" width=\"135\" height=\"35\" src=\"http:\/\/www.egrando.pl\/blog\/wp-content\/uploads\/2022\/02\/manufacturer_mini_79_1.jpg\" alt=\"\" class=\"wp-image-75\"\/><\/figure><\/div>\n\n\n\n<div class=\"wp-block-image\"><figure class=\"alignleft\"><img loading=\"lazy\" decoding=\"async\" width=\"135\" height=\"35\" src=\"http:\/\/www.egrando.pl\/blog\/wp-content\/uploads\/2022\/02\/manufacturer_mini_85_1.jpg\" alt=\"\" class=\"wp-image-72\"\/><\/figure><\/div>\n\n\n\n<div class=\"wp-block-image\"><figure class=\"alignleft\"><img loading=\"lazy\" decoding=\"async\" width=\"135\" height=\"35\" src=\"http:\/\/www.egrando.pl\/blog\/wp-content\/uploads\/2022\/02\/manufacturer_mini_87_1.jpg\" alt=\"\" class=\"wp-image-76\"\/><\/figure><\/div>\n\n\n\n<div class=\"wp-block-image\"><figure class=\"alignleft\"><img loading=\"lazy\" decoding=\"async\" width=\"135\" height=\"31\" src=\"http:\/\/www.egrando.pl\/blog\/wp-content\/uploads\/2022\/02\/manufacturer_mini_88_1.jpg\" alt=\"\" class=\"wp-image-77\"\/><\/figure><\/div>\n\n\n\n<div class=\"wp-block-image\"><figure class=\"alignleft\"><img loading=\"lazy\" decoding=\"async\" width=\"135\" height=\"17\" src=\"http:\/\/www.egrando.pl\/blog\/wp-content\/uploads\/2022\/02\/manufacturer_mini_89_1.jpg\" alt=\"\" class=\"wp-image-78\"\/><\/figure><\/div>\n\n\n\n<div class=\"wp-block-image\"><figure class=\"alignleft\"><img loading=\"lazy\" decoding=\"async\" width=\"90\" height=\"45\" src=\"http:\/\/www.egrando.pl\/blog\/wp-content\/uploads\/2022\/02\/manufacturer_mini_91_1.jpg\" alt=\"\" class=\"wp-image-79\"\/><\/figure><\/div>\n\n\n\n<div class=\"wp-block-image\"><figure class=\"alignleft\"><img loading=\"lazy\" decoding=\"async\" width=\"135\" height=\"35\" src=\"http:\/\/www.egrando.pl\/blog\/wp-content\/uploads\/2022\/02\/manufacturer_mini_92_1.jpg\" alt=\"\" class=\"wp-image-80\"\/><\/figure><\/div>\n\n\n\n<div class=\"wp-block-image\"><figure class=\"alignleft\"><img loading=\"lazy\" decoding=\"async\" width=\"135\" height=\"25\" src=\"http:\/\/www.egrando.pl\/blog\/wp-content\/uploads\/2022\/02\/manufacturer_mini_97_1.jpg\" alt=\"\" class=\"wp-image-81\"\/><\/figure><\/div>\n\n\n\n<div style=\"height:40px\" aria-hidden=\"true\" class=\"wp-block-spacer\"><\/div>\n<\/div><\/div>\n<\/div><\/div>\n\n\n\n<div class=\"wp-block-cover alignfull\" style=\"min-height:420px\"><span aria-hidden=\"true\" class=\"has-nv-light-bg-background-color has-background-dim-100 wp-block-cover__gradient-background has-background-dim\"><\/span><div class=\"wp-block-cover__inner-container is-layout-flow wp-block-cover-is-layout-flow\">\n<div style=\"height:80px\" aria-hidden=\"true\" class=\"wp-block-spacer\"><\/div>\n\n\n\n<div class=\"wp-block-columns is-layout-flex wp-container-core-columns-layout-5 wp-block-columns-is-layout-flex\">\n<div class=\"wp-block-column is-layout-flow wp-block-column-is-layout-flow\">\n<figure class=\"wp-block-image is-resized is-style-rounded\"><img loading=\"lazy\" decoding=\"async\" src=\"http:\/\/www.egrando.pl\/blog\/wp-content\/themes\/neve\/assets\/img\/starter-content\/team-03.jpg\" alt=\"\" width=\"80\" height=\"80\"\/><\/figure>\n\n\n\n<p class=\"has-text-align-left has-neve-text-color-color has-text-color\">\u201cKilka klikni\u0119\u0107 myszk\u0105 i zam\u00f3wiona nafta by\u0142a dostarczona. Da si\u0119 pro\u015bciej?\u201d<\/p>\n\n\n\n<p class=\"has-neve-text-color-color has-text-color\">KLAUDIA HEBAN<\/p>\n\n\n\n<div style=\"height:20px\" aria-hidden=\"true\" class=\"wp-block-spacer\"><\/div>\n<\/div>\n\n\n\n<div class=\"wp-block-column is-layout-flow wp-block-column-is-layout-flow\">\n<figure class=\"wp-block-image is-resized is-style-rounded\"><img loading=\"lazy\" decoding=\"async\" src=\"http:\/\/www.egrando.pl\/blog\/wp-content\/themes\/neve\/assets\/img\/starter-content\/team-01.jpg\" alt=\"\" width=\"80\" height=\"80\"\/><\/figure>\n\n\n\n<p class=\"has-text-align-left has-neve-text-color-color has-text-color\">\u201cNa drugi dzie\u0144 przesy\u0142ka ju\u017c by\u0142a. Spakowa\u0107 takie ci\u0119\u017cary to naprawd\u0119 wyczyn. Mistrzowskie doradztwo, zas\u0142uguj\u0105 na zaufanie. Brawo.?\u201d<\/p>\n\n\n\n<p class=\"has-neve-text-color-color has-text-color\">MIREK TARCZY\u0143SKI<\/p>\n\n\n\n<div style=\"height:20px\" aria-hidden=\"true\" class=\"wp-block-spacer\"><\/div>\n<\/div>\n\n\n\n<div class=\"wp-block-column is-layout-flow wp-block-column-is-layout-flow\">\n<figure class=\"wp-block-image is-resized is-style-rounded\"><img loading=\"lazy\" decoding=\"async\" src=\"http:\/\/www.egrando.pl\/blog\/wp-content\/themes\/neve\/assets\/img\/starter-content\/team-02.jpg\" alt=\"\" width=\"80\" height=\"80\"\/><\/figure>\n\n\n\n<p class=\"has-text-align-left has-neve-text-color-color has-text-color\">\u201cZmotywowana obs\u0142uga i bardzo pomocna. Doskona\u0142a obs\u0142uga, po prostu super. Mimo niestandardowych wymiar\u00f3w, zam\u00f3wienie przysz\u0142o szybko i bezpiecznie.\u201d<\/p>\n\n\n\n<p class=\"has-neve-text-color-color has-text-color\">WALDEMAR KOWALCZYK<\/p>\n\n\n\n<div style=\"height:20px\" aria-hidden=\"true\" class=\"wp-block-spacer\"><\/div>\n<\/div>\n<\/div>\n\n\n\n<div style=\"height:30px\" aria-hidden=\"true\" class=\"wp-block-spacer\"><\/div>\n<\/div><\/div>\n\n\n\n<div class=\"wp-block-cover alignfull\" style=\"min-height:300px\"><span aria-hidden=\"true\" class=\"has-nv-dark-bg-background-color has-background-dim-100 wp-block-cover__gradient-background has-background-dim\"><\/span><div class=\"wp-block-cover__inner-container is-layout-flow wp-block-cover-is-layout-flow\">\n<div style=\"height:140px\" aria-hidden=\"true\" class=\"wp-block-spacer\"><\/div>\n\n\n\n<h2 class=\"has-text-align-center has-nv-text-dark-bg-color has-text-color wp-block-heading\" id=\"zacznijmy-wspolprace-po-prostu-daj-znac-czego-potrzebujesz-a-my-zajmiemy-sie-organizacja\">Zacznijmy wsp\u00f3\u0142prac\u0119! Po prostu daj zna\u0107 czego potrzebujesz, a my zajmiemy si\u0119 organizacj\u0105.<\/h2>\n\n\n\n<p class=\"has-text-align-center\">Zaufa\u0142y nam ju\u017c dziesi\u0105tki firm z ca\u0142ego kraju. Do\u0142\u0105cz i Ty do zadowolonych Klient\u00f3w!<\/p>\n\n\n\n<div class=\"wp-block-buttons is-content-justification-center is-layout-flex wp-container-core-buttons-layout-5 wp-block-buttons-is-layout-flex\">\n<div class=\"wp-block-button is-style-primary\"><a class=\"wp-block-button__link\" href=\"https:\/\/egrando.pl\/237779-oleje-przemyslowe\">DOWIEDZ SI\u0118 WI\u0118CEJ<\/a><\/div>\n<\/div>\n\n\n\n<div style=\"height:140px\" aria-hidden=\"true\" class=\"wp-block-spacer\"><\/div>\n<\/div><\/div>\n\n\n\n<p><\/p>\n","protected":false},"excerpt":{"rendered":"<p>Bogata oferta Dbamy o to, by w naszej hurtowni zawsze posiada\u0107 jak najwi\u0119kszy asortyment po to, aby\u015b nie musia\u0142 szuka\u0107 r\u00f3\u017cnych cz\u0119\u015bci w r\u00f3\u017cnych miejscach. Sprawdzona jako\u015b\u0107 Pracujemy tylko z olejami sprawdzonych producent\u00f3w. Zawsze mamy certyfikat jako\u015bci dla dostarczanego oleju. Szybkie zaopatrzenie Staramy si\u0119 trzyma\u0107 wi\u0119kszo\u015b\u0107 produkt\u00f3w we w\u0142asnym magazynie. W przypadku problem\u00f3w z dost\u0119pno\u015bci\u0105&hellip;&nbsp;<a href=\"https:\/\/egrando.pl\/blog\/\" rel=\"bookmark\">Dowiedz si\u0119 wi\u0119cej &raquo;<span class=\"screen-reader-text\">Strona g\u0142\u00f3wna<\/span><\/a><\/p>\n","protected":false},"author":1,"featured_media":0,"parent":0,"menu_order":0,"comment_status":"closed","ping_status":"closed","template":"","meta":{"neve_meta_sidebar":"","neve_meta_container":"","neve_meta_enable_content_width":"on","neve_meta_content_width":100,"neve_meta_title_alignment":"center","neve_meta_author_avatar":"","neve_post_elements_order":"","neve_meta_disable_header":"","neve_meta_disable_footer":"","neve_meta_disable_title":"on","footnotes":""},"_links":{"self":[{"href":"https:\/\/egrando.pl\/blog\/wp-json\/wp\/v2\/pages\/9"}],"collection":[{"href":"https:\/\/egrando.pl\/blog\/wp-json\/wp\/v2\/pages"}],"about":[{"href":"https:\/\/egrando.pl\/blog\/wp-json\/wp\/v2\/types\/page"}],"author":[{"embeddable":true,"href":"https:\/\/egrando.pl\/blog\/wp-json\/wp\/v2\/users\/1"}],"replies":[{"embeddable":true,"href":"https:\/\/egrando.pl\/blog\/wp-json\/wp\/v2\/comments?post=9"}],"version-history":[{"count":14,"href":"https:\/\/egrando.pl\/blog\/wp-json\/wp\/v2\/pages\/9\/revisions"}],"predecessor-version":[{"id":125,"href":"https:\/\/egrando.pl\/blog\/wp-json\/wp\/v2\/pages\/9\/revisions\/125"}],"wp:attachment":[{"href":"https:\/\/egrando.pl\/blog\/wp-json\/wp\/v2\/media?parent=9"}],"curies":[{"name":"wp","href":"https:\/\/api.w.org\/{rel}","templated":true}]}}